{"id":302,"date":"2024-04-24T22:24:32","date_gmt":"2024-04-24T22:24:32","guid":{"rendered":"https:\/\/www.curatoriaforense.net\/escenas_locales\/?page_id=302"},"modified":"2026-03-03T21:02:47","modified_gmt":"2026-03-03T21:02:47","slug":"inscripcion-a-actividades","status":"publish","type":"page","link":"https:\/\/www.curatoriaforense.net\/escenas_locales\/inscripcion-a-actividades\/","title":{"rendered":"CONVOCATORIA ABIERTA!"},"content":{"rendered":"\n<h2 class=\"wp-block-heading has-text-align-center\"> Residencia ARTE Y CULTURA COMUNITARIA. mayo 2026<\/h2>\n\n\n\n<p><\/p>\n\n\n\n<div class=\"wp-block-columns is-layout-flex wp-container-core-columns-is-layout-28f84493 wp-block-columns-is-layout-flex\">\n<div class=\"wp-block-column is-layout-flow wp-block-column-is-layout-flow\">\n<p>La <strong><em>residencia ARTE Y CULTURA COMUNITARIA<\/em><\/strong> y el <strong><em>3er Encuentro de Escenas Locales de Arte en Latinoam\u00e9rica y el Caribe<\/em><\/strong> se centran en investigar y entender la gesti\u00f3n aut\u00f3noma del arte, los procesos art\u00edsticos y sociales, la asociatividad y los derechos laborales de los trabajadores del arte.<\/p>\n\n\n\n<p>Tambi\u00e9n exploramos las relaciones con las comunidades, la creaci\u00f3n de espacios de di\u00e1logo y colaboraci\u00f3n, ense\u00f1anza-aprendizaje, y las pol\u00edticas p\u00fablicas para la cultura y las artes.<\/p>\n\n\n\n<p class=\"has-text-align-center\"><strong>Enlaces para mantenernos en contacto<\/strong>! <a href=\"http:\/\/tiny.cc\/escenaslocalesdearte\" target=\"_blank\" rel=\"noopener\" title=\"\">Grupo de Debate en Whatsapp<\/a> | <a href=\"https:\/\/linktr.ee\/escenaslocales_dearte\" target=\"_blank\" rel=\"noopener\" title=\"Toda la informaci\u00f3n actualizada\">Toda la informaci\u00f3n actualizada<\/a>.<\/p>\n<\/div>\n\n\n\n<div class=\"wp-block-column has-background is-layout-flow wp-block-column-is-layout-flow\" style=\"background-color:#f1cfb5\">\n<h3 class=\"wp-block-heading has-text-align-center\"><a href=\"#postula\" title=\"\">PERIODO ESPECIAL de postulaci\u00f3n a la residencia !<\/a><br>hasta el 15 de marzo<\/h3>\n\n\n\n<ul class=\"wp-block-list\">\n<li><a href=\"#info\" title=\"\">M\u00e1s informaci\u00f3n sobre la Residencia<\/a><\/li>\n\n\n\n<li><a href=\"#calendario\" title=\"\">Calendario de Actividades<\/a><\/li>\n\n\n\n<li><a href=\"#experiencia\" title=\"\">Nuestra experiencia<\/a><\/li>\n\n\n\n<li><a href=\"#prioridades\" title=\"\">Prioridades del Trabajo<\/a><\/li>\n\n\n\n<li><a href=\"#cuota\" title=\"\">Cuota de Participaci\u00f3n<\/a><\/li>\n\n\n\n<li><a href=\"#equipo\" title=\"\">Equipo de Trabajo<\/a><\/li>\n\n\n\n<li><a href=\"#organizadores\" title=\"\">Organizadores y Colaboradores<\/a><\/li>\n<\/ul>\n<\/div>\n<\/div>\n\n\n\n\n\n\n\n\n\n\n\n\n\n\n\n\n\n<p><\/p>\n","protected":false},"excerpt":{"rendered":"<p>Residencia ARTE Y CULTURA COMUNITARIA. mayo 2026 La residencia ARTE Y CULTURA COMUNITARIA y el 3er Encuentro de Escenas Locales de Arte en Latinoam\u00e9rica y el Caribe se centran en investigar y entender la gesti\u00f3n aut\u00f3noma del arte, los procesos art\u00edsticos y sociales, la asociatividad y los derechos laborales de los trabajadores del arte. Tambi\u00e9n [&hellip;]<\/p>\n","protected":false},"author":1,"featured_media":677,"parent":0,"menu_order":0,"comment_status":"closed","ping_status":"closed","template":"single-product","meta":{"saved_in_kubio":true,"_uag_custom_page_level_css":"","_joinchat":{"telephone":"+5511988772306","message_text":"Hola! en qu\u00e9 podemos ayudar?","view":"yes"},"footnotes":""},"class_list":["post-302","page","type-page","status-publish","has-post-thumbnail","hentry"],"aioseo_notices":[],"kubio_ai_page_context":{"short_desc":"","purpose":"general"},"uagb_featured_image_src":{"full":["https:\/\/www.curatoriaforense.net\/escenas_locales\/wp-content\/uploads\/2026\/02\/4906850142997121973.jpg",851,315,false],"thumbnail":["https:\/\/www.curatoriaforense.net\/escenas_locales\/wp-content\/uploads\/2026\/02\/4906850142997121973-150x150.jpg",150,150,true],"medium":["https:\/\/www.curatoriaforense.net\/escenas_locales\/wp-content\/uploads\/2026\/02\/4906850142997121973-300x111.jpg",300,111,true],"medium_large":["https:\/\/www.curatoriaforense.net\/escenas_locales\/wp-content\/uploads\/2026\/02\/4906850142997121973-768x284.jpg",768,284,true],"large":["https:\/\/www.curatoriaforense.net\/escenas_locales\/wp-content\/uploads\/2026\/02\/4906850142997121973.jpg",851,315,false],"1536x1536":["https:\/\/www.curatoriaforense.net\/escenas_locales\/wp-content\/uploads\/2026\/02\/4906850142997121973.jpg",851,315,false],"2048x2048":["https:\/\/www.curatoriaforense.net\/escenas_locales\/wp-content\/uploads\/2026\/02\/4906850142997121973.jpg",851,315,false],"kubio-fullhd":["https:\/\/www.curatoriaforense.net\/escenas_locales\/wp-content\/uploads\/2026\/02\/4906850142997121973.jpg",851,315,false]},"uagb_author_info":{"display_name":"curatoriaforense_e5yjcg","author_link":"https:\/\/www.curatoriaforense.net\/escenas_locales\/author\/curatoriaforense_e5yjcg\/"},"uagb_comment_info":0,"uagb_excerpt":"Residencia ARTE Y CULTURA COMUNITARIA. mayo 2026 La residencia ARTE Y CULTURA COMUNITARIA y el 3er Encuentro de Escenas Locales de Arte en Latinoam\u00e9rica y el Caribe se centran en investigar y entender la gesti\u00f3n aut\u00f3noma del arte, los procesos art\u00edsticos y sociales, la asociatividad y los derechos laborales de los trabajadores del arte. Tambi\u00e9n&hellip;","_links":{"self":[{"href":"https:\/\/www.curatoriaforense.net\/escenas_locales\/wp-json\/wp\/v2\/pages\/302","targetHints":{"allow":["GET"]}}],"collection":[{"href":"https:\/\/www.curatoriaforense.net\/escenas_locales\/wp-json\/wp\/v2\/pages"}],"about":[{"href":"https:\/\/www.curatoriaforense.net\/escenas_locales\/wp-json\/wp\/v2\/types\/page"}],"author":[{"embeddable":true,"href":"https:\/\/www.curatoriaforense.net\/escenas_locales\/wp-json\/wp\/v2\/users\/1"}],"replies":[{"embeddable":true,"href":"https:\/\/www.curatoriaforense.net\/escenas_locales\/wp-json\/wp\/v2\/comments?post=302"}],"version-history":[{"count":10,"href":"https:\/\/www.curatoriaforense.net\/escenas_locales\/wp-json\/wp\/v2\/pages\/302\/revisions"}],"predecessor-version":[{"id":781,"href":"https:\/\/www.curatoriaforense.net\/escenas_locales\/wp-json\/wp\/v2\/pages\/302\/revisions\/781"}],"wp:featuredmedia":[{"embeddable":true,"href":"https:\/\/www.curatoriaforense.net\/escenas_locales\/wp-json\/wp\/v2\/media\/677"}],"wp:attachment":[{"href":"https:\/\/www.curatoriaforense.net\/escenas_locales\/wp-json\/wp\/v2\/media?parent=302"}],"curies":[{"name":"wp","href":"https:\/\/api.w.org\/{rel}","templated":true}]}}