{"id":7,"date":"2021-05-30T23:29:56","date_gmt":"2021-05-30T23:29:56","guid":{"rendered":"https:\/\/www.curatoriaforense.net\/racialidadediversidade\/home\/"},"modified":"2021-06-26T16:51:34","modified_gmt":"2021-06-26T16:51:34","slug":"home","status":"publish","type":"page","link":"https:\/\/www.curatoriaforense.net\/racialidadediversidade\/","title":{"rendered":"O CURSO"},"content":{"rendered":"<div class=\"boldgrid-section\">\n<div class=\"container\"><\/div>\n<\/div>\n<div class=\"boldgrid-section\">\n<div class=\"container\">\n<div class=\"row color3-background-color color-3-text-contrast bg-background-color\" style=\"padding-top: 20px; background-color: #393131; padding-bottom: 0px;\">\n<div class=\"col-md-6 col-xs-12 col-sm-11\">\n<div>\n<h2 class=\"h1\" style=\"margin-top: 10px; margin-bottom: 25px; text-align: center; font-size: 36px;\"><b>[racialidade, diversidade e dissid\u00eancia na arte em Am\u00e9rica latina<\/b><b>]<\/b><\/h2>\n<div class=\"row bg-editor-hr-wrap\">\n<div class=\"col-md-12 col-xs-12 col-sm-12\">\n<div>\n<div class=\"bg-hr bg-hr-16\"><\/div>\n<\/div>\n<\/div>\n<\/div>\n<h2 class=\"\" style=\"margin-bottom: 20px;\"><strong>inscrI\u00e7\u00e3o aberta.<\/strong><\/h2>\n<h4 class=\"\">julho &#8211; setembro 2021<\/h4>\n<p class=\"\"><span style=\"font-weight: 400;\">O curso prop\u00f5e discuss\u00f5es\/reflex\u00f5es sobre a condi\u00e7\u00e3o que perpassa a sobreviv\u00eancia da popula\u00e7\u00e3o racializada e dissidente na Am\u00e9rica Latina, com foco no Brasil mas em constante di\u00e1logo com outros locais das Am\u00e9ricas Central e Sul, assim como dos mecanismos desenvolvidos por ela para auto legitima\u00e7\u00e3o e (re)cria\u00e7\u00e3o de sua realidade e identidade.<\/span><\/p>\n<p class=\"\">Com isso, privilegiaremos os casos onde as intersec\u00e7\u00f5es entre arte e resist\u00eancia de(s)colonial s\u00e3o evidentes e comp\u00f5em parte central da an\u00e1lise, em nosso caso, e dos discursos, no caso dos grupos\/pessoas\/artistes abordades. As artes ser\u00e3o, sempre que poss\u00edvel, o fio condutor e debate central nos encontros, onde ser\u00e3o tratadas como fonte prim\u00e1ria visual.<\/p>\n<p class=\"\">O curso possui um modo <strong>ONLINE<\/strong>.<br \/>\nOs conte\u00fados da unidade curricular ser\u00e3o abordados numa perspetiva cr\u00edtica, propositiva, associativa e did\u00e1tica. A certifica\u00e7\u00e3o ser\u00e1 estendida.<\/p>\n<\/div>\n<\/div>\n<div class=\"col-md-6 col-xs-12 col-sm-1\" style=\"background-image: linear-gradient(to left, #eeeeee, #eeeeee);\" data-bg-color-1=\"#EEEEEE\" data-bg-color-2=\"#EEEEEE\" data-bg-direction=\"to left\">\n<p class=\"\"><img loading=\"lazy\" decoding=\"async\" class=\"wp-image-49 size-full aligncenter\" title=\"Jaime Lauriano, E se o apedrejado fosse voc\u00ea? #1\" src=\"https:\/\/www.curatoriaforense.net\/racialidadediversidade\/wp-content\/uploads\/2021\/06\/Presentacion-sin-titulo.jpg\" alt=\"Jaime Lauriano, E se o apedrejado fosse voc\u00ea? #1\" width=\"455\" height=\"448\" data-imhwpb-asset-id=\"710066\" srcset=\"https:\/\/www.curatoriaforense.net\/racialidadediversidade\/wp-content\/uploads\/2021\/06\/Presentacion-sin-titulo.jpg 455w, https:\/\/www.curatoriaforense.net\/racialidadediversidade\/wp-content\/uploads\/2021\/06\/Presentacion-sin-titulo-300x295.jpg 300w, https:\/\/www.curatoriaforense.net\/racialidadediversidade\/wp-content\/uploads\/2021\/06\/Presentacion-sin-titulo-48x48.jpg 48w, https:\/\/www.curatoriaforense.net\/racialidadediversidade\/wp-content\/uploads\/2021\/06\/Presentacion-sin-titulo-250x246.jpg 250w, https:\/\/www.curatoriaforense.net\/racialidadediversidade\/wp-content\/uploads\/2021\/06\/Presentacion-sin-titulo-183x180.jpg 183w, https:\/\/www.curatoriaforense.net\/racialidadediversidade\/wp-content\/uploads\/2021\/06\/Presentacion-sin-titulo-305x300.jpg 305w\" sizes=\"auto, (max-width: 455px) 100vw, 455px\" \/><\/p>\n<p class=\"\" style=\"font-size: 9px;\"><span style=\"font-weight: 400;\">Jaime Lauriano, E se o apedrejado fosse voc\u00ea? #1<\/span><\/p>\n<p class=\"\">&nbsp;<\/p>\n<h2 class=\"\" style=\"font-size: 24px; text-align: center;\">&nbsp;<span style=\"color: #800080;\"><strong><a href=\"https:\/\/www.curatoriaforense.net\/racialidadediversidade\/#formulario\"> Inscri\u00e7\u00f5es aqu\u00ed<\/a><\/strong><\/span><\/h2>\n<h2 class=\"\" style=\"font-size: 24px; text-align: center;\">(at\u00e9 o 30 de junho 2021)<\/h2>\n<\/div>\n<\/div>\n<div class=\"row\" style=\"padding-top: 30px; padding-bottom: 4px;\">\n<div class=\"col-md-12 col-xs-12 col-sm-12\">\n<div class=\"\">\n<div class=\"row bg-editor-hr-wrap\">\n<div class=\"col-md-12 col-xs-12 col-sm-12\">\n<div>\n<div class=\"bg-hr color1-color bg-hr-2\"><\/div>\n<\/div>\n<\/div>\n<\/div>\n<\/div>\n<\/div>\n<\/div>\n<div class=\"row\">\n<div class=\"col-md-12 col-xs-12 col-sm-12\">\n<div class=\"\">\n<h1 class=\"\"><b>o Qu\u00e9 vamos a aprender?&nbsp;<\/b><\/h1>\n<p class=\"\">Este curso est\u00e1 organizado em 12 encontros tem\u00e1ticos durante 3 meses. Os t\u00f3picos de trabalho s\u00e3o os seguintes:<\/p>\n<\/div>\n<\/div>\n<\/div>\n<div class=\"row\" style=\"padding-top: 9px; padding-bottom: 11px;\">\n<div class=\"col-md-4 col-sm-12 col-xs-12\">\n<h2 class=\"\">ENCONTRO 1<b>: <\/b><\/h2>\n<h5><span style=\"font-weight: 400;\">imagens coloniais na coloniza\u00e7\u00e3o das Am\u00e9ricas<\/span><\/h5>\n<\/div>\n<div class=\"col-md-4 col-sm-6 col-xs-12\" style=\"background-image: linear-gradient(to left, #eeeeee, #eeeeee);\" data-bg-color-1=\"#EEEEEE\" data-bg-color-2=\"#EEEEEE\" data-bg-direction=\"to left\">\n<h2 class=\"\">ENCONTRO 2<b>: <\/b><\/h2>\n<h5><span style=\"font-weight: 400;\">dissid\u00eancias sexuais no Brasil Colonial<\/span><\/h5>\n<\/div>\n<div class=\"col-md-4 col-sm-6 col-xs-12\">\n<h2 class=\"\">ENCONTRO 3<b>: <\/b><\/h2>\n<h5 class=\"\"><span style=\"font-weight: 400;\">constru\u00e7\u00e3o duma identidade crioula\/afrobrasileira <\/span><\/h5>\n<\/div>\n<\/div>\n<div class=\"row\" style=\"padding-top: 9px; padding-bottom: 11px;\">\n<div class=\"col-md-4 col-sm-12 col-xs-12\">\n<h2 class=\"\">ENCONTRO 4<b>: <\/b><\/h2>\n<h5><span style=\"font-weight: 400;\">identidade negra \u2018homossexual\u2019<\/span><\/h5>\n<\/div>\n<div class=\"col-md-4 col-sm-6 col-xs-12\" style=\"background-image: linear-gradient(to left, #eeeeee, #eeeeee);\" data-bg-color-1=\"#EEEEEE\" data-bg-color-2=\"#EEEEEE\" data-bg-direction=\"to left\">\n<h2 class=\"\">ENCONTRO 5<b>: <\/b><\/h2>\n<h5 class=\"\"><span style=\"font-weight: 400;\">produ\u00e7\u00e3o art\u00edstica contempor\u00e2nea e identidade afro brasileira<\/span><\/h5>\n<\/div>\n<div class=\"col-md-4 col-sm-6 col-xs-12\">\n<h2 class=\"\">ENCONTRO 6<b>: <\/b><\/h2>\n<h5 class=\"\"><span style=\"font-weight: 400;\">Transfeminismo e feminismo negro interseccional.<\/span><\/h5>\n<\/div>\n<\/div>\n<div class=\"row\" style=\"padding-top: 9px; padding-bottom: 11px;\">\n<div class=\"col-md-4 col-sm-12 col-xs-12\">\n<h2 class=\"\">ENCONTRO 7<b>: <\/b><\/h2>\n<h5 class=\"\"><span style=\"font-weight: 400;\">GRUPOS TRANS\/TRAVESTIS NA AM\u00c9RICA LATINA.&nbsp;<\/span><\/h5>\n<\/div>\n<div class=\"col-md-4 col-sm-6 col-xs-12\" style=\"background-image: linear-gradient(to left, #eeeeee, #eeeeee);\" data-bg-color-1=\"#EEEEEE\" data-bg-color-2=\"#EEEEEE\" data-bg-direction=\"to left\">\n<h2 class=\"\">ENCONTRO 8<b>: <\/b><\/h2>\n<h5 class=\"\"><span style=\"font-weight: 400;\">Movimento Arte Porn\u00f4<\/span><\/h5>\n<\/div>\n<div class=\"col-md-4 col-sm-6 col-xs-12\">\n<h2 class=\"\">ENCONTRO 9<b>: <\/b><\/h2>\n<h5 class=\"\"><span style=\"font-weight: 400;\">P\u00f3spornografias<\/span><\/h5>\n<\/div>\n<\/div>\n<div class=\"row\" style=\"padding-top: 9px; padding-bottom: 11px;\">\n<div class=\"col-md-4 col-sm-12 col-xs-12\">\n<h2 class=\"\">ENCONTRO 10<b>: <\/b><\/h2>\n<h5 class=\"\"><span style=\"font-weight: 400;\">TRANSHACKFEMINISMO, P\u00d3SHUMANISMO E TRANSHUMANISMO.<\/span><\/h5>\n<\/div>\n<div class=\"col-md-4 col-sm-6 col-xs-12\" style=\"background-image: linear-gradient(to left, #eeeeee, #eeeeee);\" data-bg-color-1=\"#EEEEEE\" data-bg-color-2=\"#EEEEEE\" data-bg-direction=\"to left\">\n<h2 class=\"\">master class 1<b>: <\/b><\/h2>\n<h5 class=\"\">Cr\u00edtica \u00e0 colonialidade na arte. e arte ind\u00edgena brasileiro.<\/h5>\n<\/div>\n<div class=\"col-md-4 col-sm-6 col-xs-12\">\n<h2 class=\"\">master class 2<b>: <\/b><\/h2>\n<h5 class=\"\"><span style=\"font-weight: 400;\">apresenta\u00e7\u00e3o de produ\u00e7\u00e3o de arte.<\/span><\/h5>\n<\/div>\n<\/div>\n<\/div>\n<\/div>\n<div class=\"boldgrid-section\">\n<div class=\"container\">\n<div class=\"row\" style=\"padding-top: 24px; padding-bottom: 0px;\">\n<div class=\"col-md-12 col-xs-12 col-sm-12\">\n<div class=\"row bg-editor-hr-wrap\">\n<div class=\"col-md-12 col-xs-12 col-sm-12\">\n<div>\n<div class=\"bg-hr color1-color bg-hr-2\"><\/div>\n<\/div>\n<\/div>\n<\/div>\n<\/div>\n<\/div>\n<\/div>\n<\/div>\n<div class=\"boldgrid-section\">\n<div class=\"container\">\n<div class=\"row\">\n<div class=\"col-md-5 col-xs-12 col-sm-12\">\n<p class=\"\"><img loading=\"lazy\" decoding=\"async\" class=\"alignnone wp-image-53 size-full\" src=\"https:\/\/www.curatoriaforense.net\/racialidadediversidade\/wp-content\/uploads\/2021\/06\/Presentacion-sin-titulo-2.jpg\" alt=\"\" width=\"514\" height=\"360\" data-imhwpb-asset-id=\"695554\" srcset=\"https:\/\/www.curatoriaforense.net\/racialidadediversidade\/wp-content\/uploads\/2021\/06\/Presentacion-sin-titulo-2.jpg 514w, https:\/\/www.curatoriaforense.net\/racialidadediversidade\/wp-content\/uploads\/2021\/06\/Presentacion-sin-titulo-2-300x210.jpg 300w, https:\/\/www.curatoriaforense.net\/racialidadediversidade\/wp-content\/uploads\/2021\/06\/Presentacion-sin-titulo-2-250x175.jpg 250w, https:\/\/www.curatoriaforense.net\/racialidadediversidade\/wp-content\/uploads\/2021\/06\/Presentacion-sin-titulo-2-257x180.jpg 257w, https:\/\/www.curatoriaforense.net\/racialidadediversidade\/wp-content\/uploads\/2021\/06\/Presentacion-sin-titulo-2-428x300.jpg 428w\" sizes=\"auto, (max-width: 514px) 100vw, 514px\" \/><\/p>\n<p class=\"\" style=\"font-size: 9px;\"><span style=\"font-weight: 400;\">dn_sepulveda. Desde el CIPEI #MenosFoucaultM\u00e1sShakira<\/span><\/p>\n<p class=\"\"><img loading=\"lazy\" decoding=\"async\" class=\"alignnone wp-image-57 size-medium\" src=\"https:\/\/www.curatoriaforense.net\/racialidadediversidade\/wp-content\/uploads\/2021\/06\/0_0_510_341_Presentacion-sin-titulo-4.jpg\" alt=\"\" width=\"510\" height=\"341\" data-imhwpb-asset-id=\"695552\"><\/p>\n<p class=\"\" style=\"font-size: 9px;\"><span style=\"font-weight: 400;\">No martins, Campo Minado (detalhe), 2019.<\/span><\/p>\n<\/div>\n<div class=\"col-md-7 col-xs-12 col-sm-12\">\n<h2 class=\"\" style=\"margin-bottom: 20px;\">Para quem \u00e9 o Curso?<\/h2>\n<p class=\"\">O Curso \u00e9 elaborado de forma ampla e inclusiva, articulando os conhecimentos pr\u00e9vios dos participantes e da equipe pedag\u00f3gica. Portanto, n\u00e3o exigimos conhecimento pr\u00e9vio espec\u00edfico.<\/p>\n<div class=\"row\" style=\"padding-top: 15px;\">\n<div class=\"col-md-2 col-xs-2 col-sm-2 align-column-center\">\n<div>\n<p class=\"\" style=\"text-align: center;\"><i class=\"fa bg-inserted-icon fa-cube\" style=\"font-size: 42px;\" aria-hidden=\"true\"> <span style=\"display: none;\">&nbsp;<\/span> <\/i><\/p>\n<\/div>\n<\/div>\n<div class=\"col-md-10 col-xs-10 col-sm-10\">\n<h3><b>Arte e Cultura<\/b><\/h3>\n<p class=\"\">Destinado a artistas, educadores, curadores, professores, galeristas, colecionadores, funcion\u00e1rios p\u00fablicos, gestores de arte e outros agentes culturais; nas \u00e1reas de artes visuais, m\u00fasica, teatro, cinema e literatura.<\/p>\n<\/div>\n<\/div>\n<div class=\"row\" style=\"padding-top: 15px;\">\n<div class=\"col-md-2 col-xs-2 col-sm-2 align-column-center\">\n<div>\n<p class=\"\" style=\"text-align: center;\"><i class=\"fa bg-inserted-icon fa-book\" style=\"font-size: 42px;\" aria-hidden=\"true\"> <span style=\"display: none;\">&nbsp;<\/span> <\/i><\/p>\n<\/div>\n<\/div>\n<div class=\"col-md-10 col-xs-10 col-sm-10\">\n<h3><b>Arte e Ci\u00eancias Sociais<\/b><\/h3>\n<p>Voltado para profissionais e t\u00e9cnicos com interesses sociais ou art\u00edsticos que desejam se conectar e formar redes de trabalho em outras \u00e1reas do conhecimento como: arquitetos, psic\u00f3logos, soci\u00f3logos, antrop\u00f3logos, jornalistas, comunicadores sociais, assistentes sociais, economistas, fil\u00f3sofos, etc.<\/p>\n<\/div>\n<\/div>\n<\/div>\n<\/div>\n<div class=\"row\" style=\"padding-bottom: 26px; padding-top: 0px;\">\n<div class=\"col-md-12 col-xs-12 col-sm-12\" style=\"text-align: center;\">\n<h2 class=\"\" style=\"font-size: 24px; text-align: center;\">&nbsp;<\/h2>\n<h2 class=\"\" style=\"font-size: 24px; text-align: center;\">&nbsp;<span style=\"color: #800080;\"><strong><a href=\"https:\/\/www.curatoriaforense.net\/racialidadediversidade\/#formulario\"> Inscri\u00e7\u00f5es aqu\u00ed<\/a><\/strong><\/span><\/h2>\n<h2 class=\"\" style=\"font-size: 24px; text-align: center;\">(at\u00e9 o 30 de junho 2021)<\/h2>\n<div class=\"row bg-editor-hr-wrap\">\n<div class=\"col-md-12 col-xs-12 col-sm-12\">\n<div>\n<div class=\"bg-hr color1-color bg-hr-2\"><\/div>\n<\/div>\n<\/div>\n<\/div>\n<h2 class=\"\">Caracteristicas do curso<\/h2>\n<\/div>\n<\/div>\n<\/div>\n<\/div>\n<div class=\"tmpl-services-5 boldgrid-section dynamic-gridblock\">\n<div class=\"container-fluid\">\n<div class=\"row\">\n<div class=\"col-md-3 col-sm-6 col-xs-12 text-center align-column-stretch\">\n<div class=\"bg-box-cover color3-background-color color-3-text-contrast bg-background-color bg-box\" style=\"padding: 50px 20px;\">\n<p class=\"h4\" style=\"text-transform: uppercase;\">pesquisa<\/p>\n<p class=\"\"><span style=\"font-weight: 400;\">Faremos um an\u00e1lise dos movimentos organizados que evidenciaram pautas interseccionais entre os debates do campo da arte, a sexualidade e ra\u00e7a.&nbsp;<\/span><\/p>\n<\/div>\n<\/div>\n<div class=\"col-md-3 col-sm-6 col-xs-12 text-center align-column-stretch\">\n<div class=\"bg-box-cover color5-background-color color-5-text-contrast bg-background-color bg-box\" style=\"padding: 50px 20px;\">\n<p class=\"h4\" style=\"text-transform: uppercase;\">aprendizagem conjunta<\/p>\n<p class=\"\">Vamos aprender juntos, de forma colaborativa, horizontal; para o fortalecimento de uma rede de trabalho.<\/p>\n<\/div>\n<\/div>\n<div class=\"col-md-3 col-sm-6 col-xs-12 text-center align-column-stretch\">\n<div class=\"bg-box-cover color-neutral-background-color color-neutral-text-contrast bg-background-color bg-box\" style=\"padding: 50px 20px;\">\n<p class=\"h4\" style=\"text-transform: uppercase;\">CONHECIMENTO<\/p>\n<p class=\"h4\" style=\"text-transform: uppercase;\">EXPERIENCIAL<\/p>\n<p class=\"\" style=\"margin: 30px 0;\">Faremos uma revis\u00e3o e an\u00e1lise de casos de refer\u00eancias de arte desde as propias experi\u00eancias do equipe pedagogico.<\/p>\n<\/div>\n<\/div>\n<div class=\"col-md-3 col-sm-6 col-xs-12 text-center align-column-stretch\">\n<div class=\"bg-box-cover color5-background-color color-5-text-contrast bg-background-color bg-box\" style=\"padding: 50px 20px;\">\n<p class=\"h4\" style=\"text-transform: uppercase;\">troca<\/p>\n<p class=\"\">&nbsp;<\/p>\n<p class=\"\"><span style=\"font-weight: 400;\">Vamos a procurar a cria\u00e7\u00e3o e debates de biografias e localiza\u00e7\u00e3o na hist\u00f3ria brasileira e seus respectivos contextos.<\/span><\/p>\n<\/div>\n<\/div>\n<\/div>\n<\/div>\n<\/div>\n<div class=\"boldgrid-section\">\n<div class=\"container\">\n<div class=\"row\"><\/div>\n<div class=\"row\">\n<div class=\"col-md-12 col-xs-12 col-sm-12\">\n<div>\n<h3 class=\"\" style=\"text-align: center;\"><a href=\"https:\/\/www.curatoriaforense.net\/racialidadediversidade\/bibliografia\/\"><span style=\"color: #800080;\">&gt;&nbsp; Consulte a Bibliografia do Curso<\/span><\/a><\/h3>\n<div><\/div>\n<\/div>\n<\/div>\n<\/div>\n<div class=\"row\" style=\"padding-bottom: 0px;\">\n<div class=\"col-md-5 col-xs-12 col-sm-12\">\n<h2 class=\"\"><b>o Qu\u00e9 vamos a fazer juntos?<\/b><\/h2>\n<ul class=\"\">\n<li><span style=\"font-weight: 400;\">Aulas Online.<\/span><\/li>\n<li><span style=\"font-weight: 400;\">Master Class.<\/span><\/li>\n<li>Revis\u00e3o da bibliografia sugerida.<\/li>\n<\/ul>\n<h2 class=\"\"><b>o Qu\u00e9 Inclui?<\/b><\/h2>\n<ul class=\"\">\n<li>Este curso dura 3 meses e inclui um total de 24 horas cronol\u00f3gicas. O hor\u00e1rio de trabalho \u00e9 distribu\u00eddo em:\n<ul>\n<li aria-level=\"1\"><b>20<\/b><span style=\"font-weight: 400;\"> horas de aula Online<\/span><\/li>\n<\/ul>\n<ul>\n<li aria-level=\"1\"><b>4&nbsp;<\/b><span style=\"font-weight: 400;\">horas de Master Class&nbsp;<\/span><\/li>\n<\/ul>\n<p>&nbsp;<\/li>\n<li><strong>O CERTIFICADO DE PARTICIPA\u00c7\u00c3O<\/strong> \u00e9 emitido no final do curso. ** O certificado \u00e9 entregue com uma frequ\u00eancia m\u00ednima de 75% do total das aulas, e respeitada a entrega atempada de material a incluir na publica\u00e7\u00e3o final do curso.<\/li>\n<\/ul>\n<\/div>\n<div class=\"col-md-7 col-xs-12 col-sm-12\">\n<div>\n<p class=\"mod-reset\"><img loading=\"lazy\" decoding=\"async\" class=\"wp-image-56 size-full aligncenter\" src=\"https:\/\/www.curatoriaforense.net\/racialidadediversidade\/wp-content\/uploads\/2021\/06\/Presentacion-sin-titulo-3.jpg\" alt=\"\" width=\"291\" height=\"404\" srcset=\"https:\/\/www.curatoriaforense.net\/racialidadediversidade\/wp-content\/uploads\/2021\/06\/Presentacion-sin-titulo-3.jpg 291w, https:\/\/www.curatoriaforense.net\/racialidadediversidade\/wp-content\/uploads\/2021\/06\/Presentacion-sin-titulo-3-216x300.jpg 216w, https:\/\/www.curatoriaforense.net\/racialidadediversidade\/wp-content\/uploads\/2021\/06\/Presentacion-sin-titulo-3-250x347.jpg 250w, https:\/\/www.curatoriaforense.net\/racialidadediversidade\/wp-content\/uploads\/2021\/06\/Presentacion-sin-titulo-3-130x180.jpg 130w\" sizes=\"auto, (max-width: 291px) 100vw, 291px\" \/><\/p>\n<h2 class=\"\" style=\"font-size: 9px; text-align: center;\"><span style=\"font-weight: 400;\">Bandeira BAFO 1, 2015, de Tertuliana Lustosa<\/span><\/h2>\n<h2 class=\"\"><b>Calend\u00e1rio<\/b><\/h2>\n<ul class=\"\">\n<li><strong>Inscri\u00e7\u00f5es<\/strong>: 1 al 30 de Junio 2021.<\/li>\n<li><b>Dura\u00e7\u00e3o do Curso: <\/b>12&nbsp;de Julio al 27 de Septiembre 2021<\/li>\n<li><strong>D\u00edas e hor\u00e1rios do Curso: <\/strong>Segunda-feira 19hs as 21hs (hora Brasil)<\/li>\n<\/ul>\n<\/div>\n<\/div>\n<\/div>\n<\/div>\n<\/div>\n<div class=\"boldgrid-section\">\n<div class=\"container\">\n<div class=\"row\" style=\"padding-top: 23px; padding-bottom: 4px;\">\n<div class=\"col-md-12 col-xs-12 col-sm-12\">\n<div>\n<div class=\"row bg-editor-hr-wrap\">\n<div class=\"col-md-12 col-xs-12 col-sm-12\">\n<div>\n<div class=\"bg-hr color1-color bg-hr-2\"><b style=\"color: var(--color-2); font-family: Oswald; font-size: 40px; text-transform: uppercase;\">vamos falar.<\/b><\/div>\n<div><\/div>\n<\/div>\n<\/div>\n<\/div>\n<\/div>\n<\/div>\n<\/div>\n<div class=\"row\" style=\"padding-bottom: 0px; padding-top: 1px;\">\n<div class=\"col-md-5 col-xs-12 col-sm-12\">\n<div>\n<h3 class=\"color2-color bg-font-family-heading\" style=\"text-align: center;\">&nbsp;<\/h3>\n<h3 class=\"color2-color bg-font-family-heading\" style=\"text-align: center;\"><a class=\"bg-font-family-heading\" href=\"https:\/\/wa.me\/5511966229300\" target=\"_blank\" rel=\"noopener noreferrer\"><span style=\"color: #800080;\"><i class=\"fa bg-inserted-icon fa-whatsapp\" aria-hidden=\"true\">&nbsp; &nbsp;whatsapp&nbsp;<\/i>&nbsp;<\/span><\/a><\/h3>\n<h3 class=\"color2-color\" style=\"text-align: center;\"><span style=\"color: #800080;\"><i class=\"fa bg-inserted-icon fa-telegram\" aria-hidden=\"true\">&nbsp;telegram&nbsp;<\/i><\/span><\/h3>\n<h2 class=\"\"><b>taxa de participa\u00e7\u00e3o.<\/b><\/h2>\n<ul class=\"\">\n<li>A taxa de participa\u00e7\u00e3o no curso \u00e9 de R$1500 ou US$300.- (trezentos d\u00f3lares norte-americanos) em reais*<\/li>\n<\/ul>\n<h2 class=\"\"><strong>Facilidades de pagamento<\/strong><\/h2>\n<ul class=\"\">\n<li><strong>Pagamento \u00fanico de R$1.500 <\/strong>&#8211; (at\u00e9 2 de julho).<\/li>\n<li><strong>Parcelamento: 3 parcelas de R$500 &#8211; cada<\/strong>\n<ul class=\"\">\n<li>1era parcela &#8211; at\u00e9 2 de julho<\/li>\n<li>2da parcela &#8211; at\u00e9 2 de agosto<\/li>\n<li>3ra parcela &#8211; at\u00e9 2 de setembro<\/li>\n<\/ul>\n<\/li>\n<\/ul>\n<p class=\"\">* Os pagamentos s\u00e3o feitos em reais para residentes no Brasil.<\/p>\n<p>&nbsp;<\/p>\n<\/div>\n<\/div>\n<div class=\"col-md-7 col-sm-12 col-xs-12\">\n<div>\n<p id=\"formulario\" class=\"\"><iframe loading=\"lazy\" style=\"border: 0; box-shadow: 5px 5px 56px 0px rgba(0,0,0,0.25);\" src=\"https:\/\/forms.monday.com\/forms\/embed\/7a448965e60759224ef756dd935021a6?r=use1\" width=\"650\" height=\"500\"><\/iframe><\/p>\n<p class=\"\">&nbsp;<\/p>\n<div class=\"row bg-editor-hr-wrap\">\n<div class=\"col-md-12 col-xs-12 col-sm-12\">\n<div>\n<p>&nbsp;<\/p>\n<\/div>\n<\/div>\n<\/div>\n<h3 class=\"\"><span style=\"color: #ffff00;\"><a style=\"color: #ffff00;\" href=\"https:\/\/www.google.com\/maps\/place\/Uberbau_house\/@-23.5465404,-46.6468764,17z\/data=!3m1!4b1!4m5!3m4!1s0x94ce5796c03e1145:0x55a99df630fb13fc!8m2!3d-23.5465453!4d-46.6446877?hl=es\" target=\"_blank\" rel=\"noopener noreferrer\"><span style=\"color: #800080;\"><i class=\"fa fa-1x fa-map-marker\"><!-- icon --><\/i> <\/span><span style=\"color: #000000;\">endere\u00e7o f\u00edsico. <\/span><\/a><\/span><\/h3>\n<p class=\"\" style=\"text-align: center;\">Av. Ipiranga 200, Bloco D, Apartamento 222<\/p>\n<p class=\"\" style=\"text-align: center;\">Edificio Cop\u00e1n. S\u00e3o Paulo, Brasil<\/p>\n<p class=\"\"><iframe style=\"width: 100%; height: 100%;\" src=\"https:\/\/maps.google.com\/maps?q=Av.+Ipiranga+200&amp;t=m&amp;z=16&amp;output=embed\" frameborder=\"0\" data-mce-fragment=\"1\"><\/iframe><\/p>\n<\/div>\n<\/div>\n<\/div>\n<div class=\"row color3-background-color color-3-text-contrast bg-background-color\" style=\"padding-top: 23px; padding-bottom: 4px;\">\n<div class=\"col-md-12 col-xs-12 col-sm-12\">\n<div class=\"row bg-editor-hr-wrap\">\n<div class=\"col-md-12 col-xs-12 col-sm-12\">\n<div class=\"bg-hr color1-color bg-hr-2\"><\/div>\n<\/div>\n<\/div>\n<\/div>\n<\/div>\n<div class=\"row\">\n<div class=\"col-md-12 col-xs-12 col-sm-12\">\n<div>\n<h2 class=\"\"><b>EQUIPe de trabalho<\/b><\/h2>\n<ul class=\"\">\n<li style=\"font-weight: 400;\"><span style=\"font-weight: 400;\">2 Coordenadores pedag\u00f3gicos<\/span><\/li>\n<li style=\"font-weight: 400;\"><span style=\"font-weight: 400;\">2 professores de Master Class sobre temas especializados<\/span><\/li>\n<\/ul>\n<h3 class=\"\" style=\"text-align: center;\"><a href=\"https:\/\/www.curatoriaforense.net\/racialidadediversidade\/equipepedagogico\/\"><span style=\"color: #800080;\">&gt; &nbsp;&nbsp;veja mais informa\u00e7\u00f5es sobre o equipe de trabalho&nbsp;<\/span><\/a><\/h3>\n<div class=\"row bg-editor-hr-wrap\">\n<div class=\"col-md-12 col-xs-12 col-sm-12\">\n<div class=\"bg-hr color1-color bg-hr-2\"><\/div>\n<\/div>\n<\/div>\n<h1 class=\"\"><b>Nossa experi\u00eancia<\/b><\/h1>\n<h5 class=\"\"><strong><em>Curator\u00eda Forense \u2013 Latinoam\u00e9rica&nbsp;<\/em><\/strong>desenvolve h\u00e1 mais de 16 anos atividades educacionais coletivas, pesquisas e publica\u00e7\u00f5es colaborativas que usamos e s\u00e3o refer\u00eancias acad\u00eamicas, de debate e de gest\u00e3o em toda a Am\u00e9rica Latina.<\/h5>\n<div class=\"row\">\n<div class=\"col-md-12 col-xs-12 col-sm-12\">\n<div>\n<h5>| 2 cursos de forma\u00e7\u00e3o | <strong>47<\/strong>&nbsp;resid\u00eancias coletivas |&nbsp;<strong>45<\/strong>&nbsp;resid\u00eancias individuais |&nbsp;<strong>412<\/strong>&nbsp;residentes |&nbsp;<strong>7<\/strong>&nbsp;livros |&nbsp;<strong>8<\/strong>&nbsp;fanzines |&nbsp;<strong>4<\/strong>&nbsp;mapas informativos |&nbsp;<strong>+500<\/strong>&nbsp;artigos dispon\u00edveis gratuitamente |&nbsp;<strong>+100<\/strong>&nbsp;semin\u00e1rios em cidades de 9 pa\u00edses da Am\u00e9rica Latina e 6 da Europa |<\/h5>\n<p>&nbsp;<\/p>\n<h4 style=\"text-align: center;\"><span style=\"color: #ff6600;\"><a style=\"color: #ff6600;\" href=\"https:\/\/curatoriaforense.net\/\">www.curatoriaforense.net<\/a><\/span><\/h4>\n<\/div>\n<\/div>\n<\/div>\n<div class=\"row\">\n<div class=\"col-md-12 col-xs-12 col-sm-12\">\n<div>\n<div class=\"row bg-editor-hr-wrap\">\n<div class=\"col-md-12 col-xs-12 col-sm-12\">\n<div><\/div>\n<\/div>\n<\/div>\n<\/div>\n<\/div>\n<\/div>\n<div class=\"row bg-editor-hr-wrap\">\n<div class=\"col-md-12 col-xs-12 col-sm-12\">\n<div>\n<div class=\"bg-hr color1-color bg-hr-2\"><\/div>\n<\/div>\n<\/div>\n<\/div>\n<\/div>\n<\/div>\n<\/div>\n<\/div>\n<\/div>\n<div class=\"color-neutral-background-color color-neutral-text-contrast bg-background-color tmpl-portfolio-3 boldgrid-section dynamic-gridblock\">\n<div class=\"container\">\n<h2 class=\"\" style=\"font-size: 24px; text-align: center;\">&nbsp;<span style=\"color: #800080;\"><strong><a href=\"https:\/\/www.curatoriaforense.net\/racialidadediversidade\/#formulario\"> Inscri\u00e7\u00f5es aqu\u00ed<\/a><\/strong><\/span><\/h2>\n<h2 class=\"\" style=\"font-size: 24px; text-align: center;\">(at\u00e9 o 30 de junho 2021)<\/h2>\n<p class=\"\">&nbsp;<\/p>\n<\/div>\n<\/div>\n","protected":false},"excerpt":{"rendered":"<p>[racialidade, diversidade e dissid\u00eancia na arte em Am\u00e9rica latina] inscrI\u00e7\u00e3o aberta. julho &#8211; setembro 2021 O curso prop\u00f5e discuss\u00f5es\/reflex\u00f5es sobre a condi\u00e7\u00e3o que perpassa a sobreviv\u00eancia da popula\u00e7\u00e3o racializada e<\/p>\n<div class=\"read-more\"><a class=\"btn button-secondary\" href=\"https:\/\/www.curatoriaforense.net\/racialidadediversidade\/\">Read More<\/a><\/div>\n","protected":false},"author":1,"featured_media":0,"parent":0,"menu_order":0,"comment_status":"closed","ping_status":"closed","template":"","meta":{"bgseo_title":"","bgseo_description":"","bgseo_robots_index":"index","bgseo_robots_follow":"follow","footnotes":""},"class_list":["post-7","page","type-page","status-publish"],"_links":{"self":[{"href":"https:\/\/www.curatoriaforense.net\/racialidadediversidade\/wp-json\/wp\/v2\/pages\/7","targetHints":{"allow":["GET"]}}],"collection":[{"href":"https:\/\/www.curatoriaforense.net\/racialidadediversidade\/wp-json\/wp\/v2\/pages"}],"about":[{"href":"https:\/\/www.curatoriaforense.net\/racialidadediversidade\/wp-json\/wp\/v2\/types\/page"}],"author":[{"embeddable":true,"href":"https:\/\/www.curatoriaforense.net\/racialidadediversidade\/wp-json\/wp\/v2\/users\/1"}],"replies":[{"embeddable":true,"href":"https:\/\/www.curatoriaforense.net\/racialidadediversidade\/wp-json\/wp\/v2\/comments?post=7"}],"version-history":[{"count":10,"href":"https:\/\/www.curatoriaforense.net\/racialidadediversidade\/wp-json\/wp\/v2\/pages\/7\/revisions"}],"predecessor-version":[{"id":119,"href":"https:\/\/www.curatoriaforense.net\/racialidadediversidade\/wp-json\/wp\/v2\/pages\/7\/revisions\/119"}],"wp:attachment":[{"href":"https:\/\/www.curatoriaforense.net\/racialidadediversidade\/wp-json\/wp\/v2\/media?parent=7"}],"curies":[{"name":"wp","href":"https:\/\/api.w.org\/{rel}","templated":true}]}}